{"id":49,"date":"2015-10-20T13:39:50","date_gmt":"2015-10-20T11:39:50","guid":{"rendered":"https:\/\/zimmerei-seidl.com\/wordpress\/?page_id=49"},"modified":"2023-04-08T16:16:33","modified_gmt":"2023-04-08T14:16:33","slug":"home","status":"publish","type":"page","link":"https:\/\/zimmerei-seidl.com\/","title":{"rendered":"Home"},"content":{"rendered":"<div style=\"color: #ffffff; font-size: 1px; line-height: 20px;\">0-<\/div>\n<div class=\"n2_ss_slider_publish__option_description\"><\/div>\n<div class=\"n2_ss_slider_publish__option_code\" dir=\"ltr\" data-mode=\"id\"><\/div>\n<div style=\"color: #ffffff; font-size: 1px; line-height: 0px;\">&#8211;<\/div>\n<h2><b>Zimmerei Andreas Seidl<br \/>\n<\/b><\/h2>\n<p>Herzlich Willkommen auf unserer Webseite <strong><em>Zimmerei Andreas Seidl<\/em><\/strong>. Wir verbinden Tradition mit Moderne und sind Ihr zuverl\u00e4ssiger Partner f\u00fcr Ihr Bauvorhaben!<\/p>\n<p>Sie erhalten von uns eine pers\u00f6nliche, kompetente und fachlich fundierte oder auch technische Beratung in allen Bereichen der <em><a href=\"https:\/\/zimmerei-seidl.com\/leistunge\">Zimmerei<\/a><\/em>, <em><a href=\"https:\/\/zimmerei-seidl.com\/leistunge\">Dachdeckerei<\/a><\/em>, des <em><a href=\"https:\/\/zimmerei-seidl.com\/leistunge\">Holzbau\u2019s<\/a><\/em> und deren Ausf\u00fchrung.<\/p>\n<p>Der pers\u00f6nliche Kontakt\u00a0mit unseren Kunden ist uns sehr wichtig. Rufen Sie uns an oder schreiben Sie ein kurzes Mail, wir nehmen uns gerne die Zeit f\u00fcr ein unverbindliches Gespr\u00e4ch. Ihren Auftrag werden wir zu Ihrer vollsten Zufriedenheit ausf\u00fchren.<\/p>\n<p>Auf den folgenden Seiten erfahren Sie mehr \u00fcber uns und unsere <a href=\"https:\/\/zimmerei-seidl.com\/leistungen\">Leistungen<\/a>.<\/p>\n<p>Ihr <b>Andreas Seidl<\/b><\/p>\n","protected":false},"excerpt":{"rendered":"<p>0- &#8211; Zimmerei Andreas Seidl Herzlich Willkommen auf unserer Webseite Zimmerei Andreas Seidl. Wir verbinden Tradition mit Moderne und sind Ihr zuverl\u00e4ssiger Partner f\u00fcr Ihr Bauvorhaben! Sie erhalten von uns eine pers\u00f6nliche, kompetente und fachlich fundierte oder auch technische Beratung &hellip;<\/p>\n<p class=\"read-more\"> <a class=\"more-link\" href=\"https:\/\/zimmerei-seidl.com\/\"> <span class=\"screen-reader-text\">Home<\/span> Weiterlesen &raquo;<\/a><\/p>\n","protected":false},"author":1,"featured_media":0,"parent":0,"menu_order":0,"comment_status":"closed","ping_status":"closed","template":"full-width-page.php","meta":{"footnotes":""},"class_list":["post-49","page","type-page","status-publish","hentry"],"yoast_head":"<!-- This site is optimized with the Yoast SEO plugin v20.4 - https:\/\/yoast.com\/wordpress\/plugins\/seo\/ -->\n<title>Zimmerei Andreas Seidl - Holzbau<\/title>\n<meta name=\"description\" content=\"Zimmerei Andreas Seidl in Untergriesbach \u00a0- ihr kompetenter Partner wenn es um Bauen mit Holz geht. Gerne beraten wir Sie in\u00a0allen Bereichen des Hochbaus.\" \/>\n<meta name=\"robots\" content=\"index, follow, max-snippet:-1, max-image-preview:large, max-video-preview:-1\" \/>\n<link rel=\"canonical\" href=\"https:\/\/zimmerei-seidl.com\/\" \/>\n<meta property=\"og:locale\" content=\"de_DE\" \/>\n<meta property=\"og:type\" content=\"article\" \/>\n<meta property=\"og:title\" content=\"Zimmerei Andreas Seidl - Holzbau\" \/>\n<meta property=\"og:description\" content=\"Zimmerei Andreas Seidl in Untergriesbach \u00a0- ihr kompetenter Partner wenn es um Bauen mit Holz geht. Gerne beraten wir Sie in\u00a0allen Bereichen des Hochbaus.\" \/>\n<meta property=\"og:url\" content=\"https:\/\/zimmerei-seidl.com\/\" \/>\n<meta property=\"og:site_name\" content=\"Zimmerei Andreas Seidl\" \/>\n<meta property=\"article:publisher\" content=\"https:\/\/www.facebook.com\/Zimmerei-und-Planungsb%c3%bcro-A-Seidl-1186815271334403\" \/>\n<meta property=\"article:modified_time\" content=\"2023-04-08T14:16:33+00:00\" \/>\n<meta name=\"twitter:card\" content=\"summary_large_image\" \/>\n<meta name=\"twitter:label1\" content=\"Gesch\u00e4tzte Lesezeit\" \/>\n\t<meta name=\"twitter:data1\" content=\"1\u00a0Minute\" \/>\n<script type=\"application\/ld+json\" class=\"yoast-schema-graph\">{\"@context\":\"https:\/\/schema.org\",\"@graph\":[{\"@type\":\"WebPage\",\"@id\":\"https:\/\/zimmerei-seidl.com\/\",\"url\":\"https:\/\/zimmerei-seidl.com\/\",\"name\":\"Zimmerei Andreas Seidl - Holzbau\",\"isPartOf\":{\"@id\":\"https:\/\/zimmerei-seidl.com\/#website\"},\"datePublished\":\"2015-10-20T11:39:50+00:00\",\"dateModified\":\"2023-04-08T14:16:33+00:00\",\"description\":\"Zimmerei Andreas Seidl in Untergriesbach \u00a0- ihr kompetenter Partner wenn es um Bauen mit Holz geht. Gerne beraten wir Sie in\u00a0allen Bereichen des Hochbaus.\",\"breadcrumb\":{\"@id\":\"https:\/\/zimmerei-seidl.com\/#breadcrumb\"},\"inLanguage\":\"de\",\"potentialAction\":[{\"@type\":\"ReadAction\",\"target\":[\"https:\/\/zimmerei-seidl.com\/\"]}]},{\"@type\":\"BreadcrumbList\",\"@id\":\"https:\/\/zimmerei-seidl.com\/#breadcrumb\",\"itemListElement\":[{\"@type\":\"ListItem\",\"position\":1,\"name\":\"Home\",\"item\":\"https:\/\/zimmerei-seidl.com\/\"},{\"@type\":\"ListItem\",\"position\":2,\"name\":\"Home\"}]},{\"@type\":\"WebSite\",\"@id\":\"https:\/\/zimmerei-seidl.com\/#website\",\"url\":\"https:\/\/zimmerei-seidl.com\/\",\"name\":\"Zimmerei Andreas Seidl\",\"description\":\"\",\"potentialAction\":[{\"@type\":\"SearchAction\",\"target\":{\"@type\":\"EntryPoint\",\"urlTemplate\":\"https:\/\/zimmerei-seidl.com\/?s={search_term_string}\"},\"query-input\":\"required name=search_term_string\"}],\"inLanguage\":\"de\"}]}<\/script>\n<!-- \/ Yoast SEO plugin. -->","yoast_head_json":{"title":"Zimmerei Andreas Seidl - Holzbau","description":"Zimmerei Andreas Seidl in Untergriesbach \u00a0- ihr kompetenter Partner wenn es um Bauen mit Holz geht. Gerne beraten wir Sie in\u00a0allen Bereichen des Hochbaus.","robots":{"index":"index","follow":"follow","max-snippet":"max-snippet:-1","max-image-preview":"max-image-preview:large","max-video-preview":"max-video-preview:-1"},"canonical":"https:\/\/zimmerei-seidl.com\/","og_locale":"de_DE","og_type":"article","og_title":"Zimmerei Andreas Seidl - Holzbau","og_description":"Zimmerei Andreas Seidl in Untergriesbach \u00a0- ihr kompetenter Partner wenn es um Bauen mit Holz geht. Gerne beraten wir Sie in\u00a0allen Bereichen des Hochbaus.","og_url":"https:\/\/zimmerei-seidl.com\/","og_site_name":"Zimmerei Andreas Seidl","article_publisher":"https:\/\/www.facebook.com\/Zimmerei-und-Planungsb%c3%bcro-A-Seidl-1186815271334403","article_modified_time":"2023-04-08T14:16:33+00:00","twitter_card":"summary_large_image","twitter_misc":{"Gesch\u00e4tzte Lesezeit":"1\u00a0Minute"},"schema":{"@context":"https:\/\/schema.org","@graph":[{"@type":"WebPage","@id":"https:\/\/zimmerei-seidl.com\/","url":"https:\/\/zimmerei-seidl.com\/","name":"Zimmerei Andreas Seidl - Holzbau","isPartOf":{"@id":"https:\/\/zimmerei-seidl.com\/#website"},"datePublished":"2015-10-20T11:39:50+00:00","dateModified":"2023-04-08T14:16:33+00:00","description":"Zimmerei Andreas Seidl in Untergriesbach \u00a0- ihr kompetenter Partner wenn es um Bauen mit Holz geht. Gerne beraten wir Sie in\u00a0allen Bereichen des Hochbaus.","breadcrumb":{"@id":"https:\/\/zimmerei-seidl.com\/#breadcrumb"},"inLanguage":"de","potentialAction":[{"@type":"ReadAction","target":["https:\/\/zimmerei-seidl.com\/"]}]},{"@type":"BreadcrumbList","@id":"https:\/\/zimmerei-seidl.com\/#breadcrumb","itemListElement":[{"@type":"ListItem","position":1,"name":"Home","item":"https:\/\/zimmerei-seidl.com\/"},{"@type":"ListItem","position":2,"name":"Home"}]},{"@type":"WebSite","@id":"https:\/\/zimmerei-seidl.com\/#website","url":"https:\/\/zimmerei-seidl.com\/","name":"Zimmerei Andreas Seidl","description":"","potentialAction":[{"@type":"SearchAction","target":{"@type":"EntryPoint","urlTemplate":"https:\/\/zimmerei-seidl.com\/?s={search_term_string}"},"query-input":"required name=search_term_string"}],"inLanguage":"de"}]}},"_links":{"self":[{"href":"https:\/\/zimmerei-seidl.com\/index.php?rest_route=\/wp\/v2\/pages\/49","targetHints":{"allow":["GET"]}}],"collection":[{"href":"https:\/\/zimmerei-seidl.com\/index.php?rest_route=\/wp\/v2\/pages"}],"about":[{"href":"https:\/\/zimmerei-seidl.com\/index.php?rest_route=\/wp\/v2\/types\/page"}],"author":[{"embeddable":true,"href":"https:\/\/zimmerei-seidl.com\/index.php?rest_route=\/wp\/v2\/users\/1"}],"replies":[{"embeddable":true,"href":"https:\/\/zimmerei-seidl.com\/index.php?rest_route=%2Fwp%2Fv2%2Fcomments&post=49"}],"version-history":[{"count":76,"href":"https:\/\/zimmerei-seidl.com\/index.php?rest_route=\/wp\/v2\/pages\/49\/revisions"}],"predecessor-version":[{"id":479,"href":"https:\/\/zimmerei-seidl.com\/index.php?rest_route=\/wp\/v2\/pages\/49\/revisions\/479"}],"wp:attachment":[{"href":"https:\/\/zimmerei-seidl.com\/index.php?rest_route=%2Fwp%2Fv2%2Fmedia&parent=49"}],"curies":[{"name":"wp","href":"https:\/\/api.w.org\/{rel}","templated":true}]}}